{"id":1531,"date":"2024-10-22T10:14:02","date_gmt":"2024-10-22T09:14:02","guid":{"rendered":"https:\/\/velopark.se\/about-us\/"},"modified":"2024-12-06T15:07:11","modified_gmt":"2024-12-06T14:07:11","slug":"about-us","status":"publish","type":"page","link":"https:\/\/www.velopark.se\/en\/about-us\/","title":{"rendered":"About us"},"content":{"rendered":"\n\n\t<h1>About us<\/h1>\n<p>We have seen a strong demand to easily and quickly build bicycle parks with high quality both in terms of sustainability, appearance, pedagogy and function. Therefore, for almost two years, we have developed a comprehensive solution for entertaining and developing cycling, based on our own experience and knowledge.<\/p>\n\t\t\t<a href=\"\/kontakt\" target=\"_self\">\n\t\t\t\t\t\t\tContact us for more information\n\t\t\t\t\t<\/a>\n\t\t\t\t\t\t\t\t\t<img loading=\"lazy\" decoding=\"async\" src=\"https:\/\/www.velopark.se\/wp-content\/uploads\/2024\/10\/teamet.jpg\" alt=\"teamet\" itemprop=\"image\" height=\"1071\" width=\"1500\" srcset=\"https:\/\/www.velopark.se\/wp-content\/uploads\/2024\/10\/teamet.jpg 1500w, https:\/\/velopark.se\/wp-content\/uploads\/2024\/10\/teamet-300x214.jpg 300w, https:\/\/velopark.se\/wp-content\/uploads\/2024\/10\/teamet-1024x731.jpg 1024w, https:\/\/velopark.se\/wp-content\/uploads\/2024\/10\/teamet-768x548.jpg 768w\" sizes=\"auto, (max-width: 1500px) 100vw, 1500px\" title=\"teamet\" onerror=\"this.style.display='none'\"  \/>\n\t<h2>The team<\/h2>\n<p>The Velopark team consists of a collection of people from different backgrounds. We are cyclists, designers, cabinet makers, business developers, engineers, trail builders and writers.<\/p>\n<p>The common denominator is our passion for cycling and the desire to develop good cycling for destinations, bike parks and public environments. We have worked together for many years, mainly under the Sweden Mountainbike umbrella.<\/p>\n\t\t\t<a href=\"https:\/\/swedenmountainbike.se\/\" target=\"_blank\" rel=\"noopener\">\n\t\t\t\t\t\t\tRead more about Sweden Mountainbike\n\t\t\t\t\t<\/a>\n\t<h2>We know bikes<\/h2>\n<p>Humbly speaking, we dare to claim that our cycling expertise is pretty solid.<\/p>\n\t\t\t\t\t\t\t\t\t<img loading=\"lazy\" decoding=\"async\" src=\"https:\/\/www.velopark.se\/wp-content\/uploads\/2024\/10\/image-asset.jpeg\" alt=\"image-asset\" itemprop=\"image\" height=\"717\" width=\"1000\" srcset=\"https:\/\/www.velopark.se\/wp-content\/uploads\/2024\/10\/image-asset.jpeg 1000w, https:\/\/velopark.se\/wp-content\/uploads\/2024\/10\/image-asset-300x215.jpeg 300w, https:\/\/velopark.se\/wp-content\/uploads\/2024\/10\/image-asset-768x551.jpeg 768w\" sizes=\"auto, (max-width: 1000px) 100vw, 1000px\" title=\"image-asset\" onerror=\"this.style.display='none'\"  \/>\n\t<h4>Coaching<\/h4>\n<p>We&#8217;ve competed at a professional level and coached Swedish cyclists to medal-winning performances at international championships. We&#8217;ve inspired children and youth, trained leaders within the Swedish Outdoor Association (Friluftsfr\u00e4mjandet), and collaborated with a wide range of clubs and organizations. Additionally, we&#8217;ve authored magazines and books that provide theoretical insights into mastering and developing cycling techniques.<\/p>\n\t\t\t\t\t\t\t\t\t<img loading=\"lazy\" decoding=\"async\" src=\"https:\/\/www.velopark.se\/wp-content\/uploads\/2024\/10\/image-asset-1.jpeg\" alt=\"image-asset (1)\" itemprop=\"image\" height=\"717\" width=\"1000\" srcset=\"https:\/\/www.velopark.se\/wp-content\/uploads\/2024\/10\/image-asset-1.jpeg 1000w, https:\/\/velopark.se\/wp-content\/uploads\/2024\/10\/image-asset-1-300x215.jpeg 300w, https:\/\/velopark.se\/wp-content\/uploads\/2024\/10\/image-asset-1-768x551.jpeg 768w\" sizes=\"auto, (max-width: 1000px) 100vw, 1000px\" title=\"image-asset (1)\" onerror=\"this.style.display='none'\"  \/>\n\t<h4>Destination development<\/h4>\n<p>For years, we have been deeply involved in developing cycling destinations, combining strategic planning with hands-on efforts in infrastructure projects and trail building. Through our work under the <a href=\"http:\/\/www.swedenmountainbike.se\/\" target=\"_blank\" rel=\"noopener\">Sweden Mountainbike<\/a> brand, we&#8217;ve partnered with renowned destinations like S\u00e4lenfj\u00e4llen, \u00d6rebro, Sigtuna, Gr\u00f6nklittsgruppen, Lugnet Arena, and many others.<\/p>\n\t\t\t\t\t\t\t\t\t<img loading=\"lazy\" decoding=\"async\" src=\"https:\/\/www.velopark.se\/wp-content\/uploads\/2024\/10\/image-asset-2.jpeg\" alt=\"image-asset (2)\" itemprop=\"image\" height=\"717\" width=\"1000\" srcset=\"https:\/\/www.velopark.se\/wp-content\/uploads\/2024\/10\/image-asset-2.jpeg 1000w, https:\/\/velopark.se\/wp-content\/uploads\/2024\/10\/image-asset-2-300x215.jpeg 300w, https:\/\/velopark.se\/wp-content\/uploads\/2024\/10\/image-asset-2-768x551.jpeg 768w\" sizes=\"auto, (max-width: 1000px) 100vw, 1000px\" title=\"image-asset (2)\" onerror=\"this.style.display='none'\"  \/>\n\t<h4>Events<\/h4>\n<p>With nearly 20 years of experience in organizing and managing cycling events, we bring a wealth of expertise to the table. We played a key role in launching Cykelvasan and continue to serve as race directors for the event. Our involvement extends to other notable events such as Liding\u00f6loppet MTB and the Scandinavian Outdoor Games. For the past two decades, we have also managed <a href=\"http:\/\/www.langloppscupen.se\/\" target=\"_blank\" rel=\"noopener\">L\u00e5ngloppscupen<\/a>, an annual series that attracts thousands of cyclists from across the country.<\/p>\n\t\t\t\t\t\t\t\t\t<img loading=\"lazy\" decoding=\"async\" src=\"https:\/\/www.velopark.se\/wp-content\/uploads\/2024\/11\/Foto-michael-odelberth-via-unsplash.jpeg\" alt=\"Foto-michael-odelberth-via-unsplash\" itemprop=\"image\" height=\"1071\" width=\"1500\" srcset=\"https:\/\/www.velopark.se\/wp-content\/uploads\/2024\/11\/Foto-michael-odelberth-via-unsplash.jpeg 1500w, https:\/\/velopark.se\/wp-content\/uploads\/2024\/11\/Foto-michael-odelberth-via-unsplash-300x214.jpeg 300w, https:\/\/velopark.se\/wp-content\/uploads\/2024\/11\/Foto-michael-odelberth-via-unsplash-1024x731.jpeg 1024w, https:\/\/velopark.se\/wp-content\/uploads\/2024\/11\/Foto-michael-odelberth-via-unsplash-768x548.jpeg 768w\" sizes=\"auto, (max-width: 1500px) 100vw, 1500px\" title=\"Foto-michael-odelberth-via-unsplash\" onerror=\"this.style.display='none'\"  \/>\n\t<h2>Made of Sweden<\/h2>\n<p>Velopark AB is proudly based in the cycling hub of Falun, where we manage our office, warehouse, and assembly operations. The production of steel frames and wooden beams for our riding surfaces takes place just a few miles away in Edsbyn. This close-knit production chain gives us 100% control over the process, ensuring that our products meet the highest quality standards.<\/p>\n\t\t\t<a href=\"https:\/\/velopark.se\/kvalitet\/\" target=\"_blank\" rel=\"noopener\">\n\t\t\t\t\t\t\tRead more about our quality standards\n\t\t\t\t\t<\/a>\n\n","protected":false},"excerpt":{"rendered":"<p>About us We have seen a strong demand to easily and quickly build bicycle parks with high quality both in terms of sustainability, appearance, pedagogy and function. Therefore, for almost two years, we have developed a comprehensive solution for entertaining and developing cycling, based on our own experience and knowledge. Contact us for more information&hellip;<\/p>\n","protected":false},"author":2,"featured_media":0,"parent":0,"menu_order":0,"comment_status":"closed","ping_status":"closed","template":"","meta":{"_acf_changed":false,"footnotes":""},"speciallayout":[],"class_list":["post-1531","page","type-page","status-publish","hentry"],"acf":[],"_links":{"self":[{"href":"https:\/\/www.velopark.se\/en\/wp-json\/wp\/v2\/pages\/1531","targetHints":{"allow":["GET"]}}],"collection":[{"href":"https:\/\/www.velopark.se\/en\/wp-json\/wp\/v2\/pages"}],"about":[{"href":"https:\/\/www.velopark.se\/en\/wp-json\/wp\/v2\/types\/page"}],"author":[{"embeddable":true,"href":"https:\/\/www.velopark.se\/en\/wp-json\/wp\/v2\/users\/2"}],"replies":[{"embeddable":true,"href":"https:\/\/www.velopark.se\/en\/wp-json\/wp\/v2\/comments?post=1531"}],"version-history":[{"count":0,"href":"https:\/\/www.velopark.se\/en\/wp-json\/wp\/v2\/pages\/1531\/revisions"}],"wp:attachment":[{"href":"https:\/\/www.velopark.se\/en\/wp-json\/wp\/v2\/media?parent=1531"}],"wp:term":[{"taxonomy":"speciallayout","embeddable":true,"href":"https:\/\/www.velopark.se\/en\/wp-json\/wp\/v2\/speciallayout?post=1531"}],"curies":[{"name":"wp","href":"https:\/\/api.w.org\/{rel}","templated":true}]}}